{"id":9,"date":"2015-07-16T16:00:39","date_gmt":"2015-07-16T16:00:39","guid":{"rendered":"http:\/\/adventure-tours.themedelight.com\/?page_id=9"},"modified":"2020-02-13T19:14:01","modified_gmt":"2020-02-13T18:14:01","slug":"contact-us","status":"publish","type":"page","link":"https:\/\/greenbiketourmedellin.com\/es\/contact-us\/","title":{"rendered":"Contacto"},"content":{"rendered":"<p>[vc_row el_class=\u00bbmargin-bottom\u00bb][vc_column offset=\u00bbvc_col-md-6&#8243;]<div class=\"title\">\n\t\t\t<div class=\"title__subtitle\">Detalles de contacto<\/div>\n\t\t<h3 class=\"title__primary\">Te gustaria hablar<\/h3>\n<\/div>\n[vc_column_text]Si tienes una historia para compartir o una pregunta que no ha sido respondida en nuestro sitio web, comun\u00edquese con nosotros a trav\u00e9s de los dato los datos de contacto que figuran a continuaci\u00f3n o complete el formulario de la derecha.[\/vc_column_text]<div class=\"contact-info\">\n\t\t\t<div class=\"contact-info__item\">\n\t\t\t<div class=\"contact-info__item__icon\"><i class=\"fa fa-map-marker\"><\/i><\/div>\n\t\t\t<div class=\"contact-info__item__text\">Cl. 42 #69-06, Medell\u00edn, Antioquia<\/div>\n\t\t<\/div>\n\t\n\t<div class=\"contact-info__item\"><a href=\"tel:+573103598382\"><span class=\"contact-info__item__icon\"><i class=\"fa fa-phone\"><\/i><\/span><span class=\"contact-info__item__text\">+ 57 310 359 8382<\/span><\/a><\/div>\n\t\n\t<div class=\"contact-info__item\"><a href=\"mailto:greenbiketourmedellin@gmail.com\"><span class=\"contact-info__item__icon\"><i class=\"fa fa-envelope contact-info__item__icon__email\"><\/i><\/span><span class=\"contact-info__item__text\">greenbiketourmedellin@gmail.com<\/span><\/a><\/div>\n\t<div class=\"contact-info__item\"><a href=\"skype:TripAdvisor: Green Bike Tour Medell\u00edn\"><span class=\"contact-info__item__icon\"><i class=\"fa fa-skype\"><\/i><\/span><span class=\"contact-info__item__text\">TripAdvisor: Green Bike Tour Medell\u00edn<\/span><\/a><\/div><\/div>\n[vc_empty_space height=\u00bb20px\u00bb]<div class=\"social-icons social-icons--square\">\n\t<div class=\"social-icons__icons\">\n\t<a href=\"http:\/\/facebook.com\" class=\"social-icons__icon social-icons__icon--facebook\"><i class=\"fa fa-facebook\"><\/i><\/a><a href=\"http:\/\/twitter.com\" class=\"social-icons__icon social-icons__icon--twitter\"><i class=\"fa fa-twitter\"><\/i><\/a><a href=\"http:\/\/googleplus.com\" class=\"social-icons__icon social-icons__icon--google\"><i class=\"fa fa-google\"><\/i><\/a><a href=\"http:\/\/pinterest.com\" class=\"social-icons__icon social-icons__icon--pinterest\"><i class=\"fa fa-pinterest\"><\/i><\/a><a href=\"http:\/\/linkedin.com\" class=\"social-icons__icon social-icons__icon--linkedin\"><i class=\"fa fa-linkedin\"><\/i><\/a>\t<\/div>\n<\/div>\n[\/vc_column][vc_column offset=\u00bbvc_col-md-6&#8243;][vc_empty_space height=\u00bb40px\u00bb el_class=\u00bbvisible-sm visible-xs\u00bb][vc_empty_space height=\u00bb40px\u00bb el_class=\u00bbvisible-sm visible-xs\u00bb]\n<div class=\"wpcf7 no-js\" id=\"wpcf7-f162-o1\" lang=\"en-US\" dir=\"ltr\" data-wpcf7-id=\"162\">\n<div class=\"screen-reader-response\"><p role=\"status\" aria-live=\"polite\" aria-atomic=\"true\"><\/p> <ul><\/ul><\/div>\n<form action=\"\/es\/wp-json\/wp\/v2\/pages\/9#wpcf7-f162-o1\" method=\"post\" class=\"wpcf7-form init\" aria-label=\"Contact form\" novalidate=\"novalidate\" data-status=\"init\">\n<fieldset class=\"hidden-fields-container\"><input type=\"hidden\" name=\"_wpcf7\" value=\"162\" \/><input type=\"hidden\" name=\"_wpcf7_version\" value=\"6.1.3\" \/><input type=\"hidden\" name=\"_wpcf7_locale\" value=\"en_US\" \/><input type=\"hidden\" name=\"_wpcf7_unit_tag\" value=\"wpcf7-f162-o1\" \/><input type=\"hidden\" name=\"_wpcf7_container_post\" value=\"0\" \/><input type=\"hidden\" name=\"_wpcf7_posted_data_hash\" value=\"\" \/>\n<\/fieldset>\n<div class=\"form-contact\">\n\t<div class=\"form-contact__fields-short\">\n\t\t<div class=\"form-contact__item-short\">\n\t\t\t<p><span class=\"wpcf7-form-control-wrap\" data-name=\"your-name\"><input size=\"40\" maxlength=\"400\" class=\"wpcf7-form-control wpcf7-text wpcf7-validates-as-required\" aria-required=\"true\" aria-invalid=\"false\" placeholder=\"Your name\" value=\"\" type=\"text\" name=\"your-name\" \/><\/span>\n\t\t\t<\/p>\n\t\t<\/div>\n\t\t<div class=\"form-contact__item-short\">\n\t\t\t<p><span class=\"wpcf7-form-control-wrap\" data-name=\"your-email\"><input size=\"40\" maxlength=\"400\" class=\"wpcf7-form-control wpcf7-email wpcf7-validates-as-required wpcf7-text wpcf7-validates-as-email\" aria-required=\"true\" aria-invalid=\"false\" placeholder=\"Email\" value=\"\" type=\"email\" name=\"your-email\" \/><\/span>\n\t\t\t<\/p>\n\t\t<\/div>\n\t<\/div>\n\t<div class=\"form-contact__fields-short\">\n\t\t<p><span class=\"wpcf7-form-control-wrap\" data-name=\"your-subject\"><input size=\"40\" maxlength=\"400\" class=\"wpcf7-form-control wpcf7-text wpcf7-validates-as-required\" aria-required=\"true\" aria-invalid=\"false\" placeholder=\"Subject\" value=\"\" type=\"text\" name=\"your-subject\" \/><\/span>\n\t\t<\/p>\n\t<\/div>\n\t<p><span class=\"wpcf7-form-control-wrap\" data-name=\"your-message\"><textarea cols=\"0\" rows=\"0\" maxlength=\"2000\" class=\"wpcf7-form-control wpcf7-textarea\" aria-invalid=\"false\" placeholder=\"Message\" name=\"your-message\"><\/textarea><\/span><br \/>\n<button type=\"submit\" class=\"button button--style1 button--with-icon\"><i class=\"fa fa-paper-plane\"><\/i>Send<\/button>\n\t<\/p>\n<\/div><div class=\"wpcf7-response-output\" aria-hidden=\"true\"><\/div>\n<\/form>\n<\/div>\n[\/vc_column][\/vc_row][vc_row][vc_column][vc_column_text]<iframe loading=\"lazy\" style=\"border: 0;\" src=\"https:\/\/www.google.com\/maps\/embed?pb=!1m18!1m12!1m3!1d3966.123188076133!2d-75.59014488584502!3d6.247493445477805!2m3!1f0!2f0!3f0!3m2!1i1024!2i768!4f13.1!3m3!1m2!1s0x8e4429a7b6428be3%3A0x45e152470ff4712a!2sParroquia%20San%20Joaqu%C3%ADn!5e0!3m2!1ses!2sco!4v1579534125537!5m2!1ses!2sco\" width=\"100%\" height=\"450\" frameborder=\"0\" allowfullscreen=\"allowfullscreen\"><\/iframe>[\/vc_column_text][\/vc_column][\/vc_row][vc_row][vc_column]<div class=\"form-subscribe parallax-section stick-to-bottom form-subscribe--full-width\">\n\t<div class=\"parallax-image\" style=\"background-image:url(https:\/\/greenbiketourmedellin.com\/wp-content\/uploads\/2019\/11\/newsletter-bg.jpg); background-repeat:repeat;\"><\/div>\n\t<div class=\"form-subscribe__shadow\"><\/div>\n<div class=\"form-subscribe__title\">Suscr\u00edbete \/ newsletter<\/div><div class=\"form-subscribe__description\">Descuentos y ofertas exclusivas<\/div><div id=\"adventure-tours-mainchimp-form-1\" class=\"form-subscribe__form-wrap\">\n\t<section id=\"yikes-mailchimp-container-1\" class=\"yikes-mailchimp-container yikes-mailchimp-container-1 \">\n\t\t\t\t<form id=\"subscribete-1\" class=\"yikes-easy-mc-form yikes-easy-mc-form-1  \" method=\"POST\" data-attr-form-id=\"1\">\n\n\t\t\t\t\t\t\t\t\t\t\t\t\t<label for=\"yikes-easy-mc-form-1-EMAIL\"  class=\"EMAIL-label yikes-mailchimp-field-required \">\n\n\t\t\t\t\t\t\t\t\t\t<!-- dictate label visibility -->\n\t\t\t\t\t\t\t\t\t\t\t\t\t\t\t\t\t\t\t\t\t<span class=\"EMAIL-label\">\n\t\t\t\t\t\t\t\t\t\t\t\tEmail Address\t\t\t\t\t\t\t\t\t\t\t<\/span>\n\t\t\t\t\t\t\t\t\t\t\n\t\t\t\t\t\t\t\t\t\t<!-- Description Above -->\n\t\t\t\t\t\t\t\t\t\t\n\t\t\t\t\t\t\t\t\t\t<input id=\"yikes-easy-mc-form-1-EMAIL\"  name=\"EMAIL\"  placeholder=\"\"  class=\"yikes-easy-mc-email \"  required=\"required\" type=\"email\"  value=\"\"\/>\n\n\t\t\t\t\t\t\t\t\t\t<!-- Description Below -->\n\t\t\t\t\t\t\t\t\t\t\n\t\t\t\t\t\t\t\t\t<\/label>\n\t\t\t\t\t\t\t\t\t\n\t\t\t\t<!-- Honeypot Trap -->\n\t\t\t\t<input type=\"hidden\" name=\"yikes-mailchimp-honeypot\" id=\"yikes-mailchimp-honeypot-1\" value=\"\"\/>\n\n\t\t\t\t<!-- List ID -->\n\t\t\t\t<input type=\"hidden\" name=\"yikes-mailchimp-associated-list-id\" id=\"yikes-mailchimp-associated-list-id-1\" value=\"2cdd08b668\"\/>\n\n\t\t\t\t<!-- The form that is being submitted! Used to display error\/success messages above the correct form -->\n\t\t\t\t<input type=\"hidden\" name=\"yikes-mailchimp-submitted-form\" id=\"yikes-mailchimp-submitted-form-1\" value=\"1\"\/>\n\n\t\t\t\t<!-- Submit Button -->\n\t\t\t\t<button type=\"submit\" class=\"yikes-easy-mc-submit-button yikes-easy-mc-submit-button-1 btn btn-primary \"> <span class=\"yikes-mailchimp-submit-button-span-text\">Subcribete<\/span><\/button>\t\t\t\t<!-- Nonce Security Check -->\n\t\t\t\t<input type=\"hidden\" id=\"yikes_easy_mc_new_subscriber_1\" name=\"yikes_easy_mc_new_subscriber\" value=\"e4584ca3d7\"\/>\n\t\t\t\t<input type=\"hidden\" name=\"_wp_http_referer\" value=\"\/es\/wp-json\/wp\/v2\/pages\/9\" \/>\t\t\t\t\n\t\t\t<\/form>\n\t\t\t<!-- Mailchimp Form generated by Easy Forms for Mailchimp v6.8.6 (https:\/\/wordpress.org\/plugins\/yikes-inc-easy-mailchimp-extender\/) -->\n\n\t\t\t<\/section>\n\t<\/div><\/div>\n[\/vc_column][\/vc_row]<\/p>\n","protected":false},"excerpt":{"rendered":"<p>[vc_row el_class=\u00bbmargin-bottom\u00bb][vc_column offset=\u00bbvc_col-md-6&#8243;][vc_column_text]Si tienes una historia para compartir o una pregunta que no ha sido respondida en nuestro sitio web, comun\u00edquese con nosotros a trav\u00e9s de los dato los datos de contacto que figuran a continuaci\u00f3n o complete el formulario de la derecha.[\/vc_column_text][vc_empty_space height=\u00bb20px\u00bb][\/vc_column][vc_column offset=\u00bbvc_col-md-6&#8243;][vc_empty_space height=\u00bb40px\u00bb el_class=\u00bbvisible-sm visible-xs\u00bb][vc_empty_space height=\u00bb40px\u00bb el_class=\u00bbvisible-sm visible-xs\u00bb][\/vc_column][\/vc_row][vc_row][vc_column][vc_column_text][\/vc_column_text][\/vc_column][\/vc_row][vc_row][vc_column][\/vc_column][\/vc_row]<\/p>\n","protected":false},"author":1,"featured_media":0,"parent":0,"menu_order":0,"comment_status":"open","ping_status":"open","template":"","meta":{"footnotes":""},"class_list":["post-9","page","type-page","status-publish","hentry"],"translation":{"provider":"WPGlobus","version":"3.0.0","language":"es","enabled_languages":["en","es"],"languages":{"en":{"title":true,"content":true,"excerpt":false},"es":{"title":true,"content":true,"excerpt":false}}},"_links":{"self":[{"href":"https:\/\/greenbiketourmedellin.com\/es\/wp-json\/wp\/v2\/pages\/9","targetHints":{"allow":["GET"]}}],"collection":[{"href":"https:\/\/greenbiketourmedellin.com\/es\/wp-json\/wp\/v2\/pages"}],"about":[{"href":"https:\/\/greenbiketourmedellin.com\/es\/wp-json\/wp\/v2\/types\/page"}],"author":[{"embeddable":true,"href":"https:\/\/greenbiketourmedellin.com\/es\/wp-json\/wp\/v2\/users\/1"}],"replies":[{"embeddable":true,"href":"https:\/\/greenbiketourmedellin.com\/es\/wp-json\/wp\/v2\/comments?post=9"}],"version-history":[{"count":19,"href":"https:\/\/greenbiketourmedellin.com\/es\/wp-json\/wp\/v2\/pages\/9\/revisions"}],"predecessor-version":[{"id":1800,"href":"https:\/\/greenbiketourmedellin.com\/es\/wp-json\/wp\/v2\/pages\/9\/revisions\/1800"}],"wp:attachment":[{"href":"https:\/\/greenbiketourmedellin.com\/es\/wp-json\/wp\/v2\/media?parent=9"}],"curies":[{"name":"wp","href":"https:\/\/api.w.org\/{rel}","templated":true}]}}