{"id":1303,"date":"2019-11-29T14:51:22","date_gmt":"2019-11-29T13:51:22","guid":{"rendered":"https:\/\/greenbiketourmedellin.com\/?page_id=1303"},"modified":"2021-09-10T20:23:50","modified_gmt":"2021-09-10T18:23:50","slug":"about-us","status":"publish","type":"page","link":"https:\/\/greenbiketourmedellin.com\/es\/about-us\/","title":{"rendered":"Nosotros"},"content":{"rendered":"<p>[vc_row][vc_column][vc_row_inner][vc_column_inner][vc_column_text]<\/p>\n<h1 style=\"text-align: center;\">Historia de viajes y experiencia<\/h1>\n<p>[\/vc_column_text][\/vc_column_inner][\/vc_row_inner][vc_row_inner][vc_column_inner width=\u00bb1\/2&#8243;][vc_gmaps link=\u00bb#E-8_JTNDaWZyYW1lJTIwc3JjJTNEJTIyaHR0cHMlM0ElMkYlMkZ3d3cuZ29vZ2xlLmNvbSUyRm1hcHMlMkZlbWJlZCUzRnBiJTNEJTIxMW0xOCUyMTFtMTIlMjExbTMlMjExZDM5NjUuOTQ4NzIzOTY5NTI4NiUyMTJkLTc1LjU2NTc1MzI4NTIzMDY2JTIxM2Q2LjI3MDQ3Mzg5NTQ2MTQ0JTIxMm0zJTIxMWYwJTIxMmYwJTIxM2YwJTIxM20yJTIxMWkxMDI0JTIxMmk3NjglMjE0ZjEzLjElMjEzbTMlMjExbTIlMjExczB4OGU0NDI4ZTc4OWQ1MGI1MyUyNTNBMHhmZjg2OGQ4YzYyZmQ3ZDQ4JTIxMnNDbC4lMjUyMDczJTI1MjAlMjUyMzUxZC0xNCUyNTJDJTI1MjBNZWRlbGwlMjVDMyUyNUFEbiUyNTJDJTI1MjBBbnRpb3F1aWElMjE1ZTAlMjEzbTIlMjExc2VzJTIxMnNjbyUyMTR2MTU3NTAzNjY5NDUxMCUyMTVtMiUyMTFzZXMlMjEyc2NvJTIyJTIwd2lkdGglM0QlMjI2MDAlMjIlMjBoZWlnaHQlM0QlMjI0NTAlMjIlMjBmcmFtZWJvcmRlciUzRCUyMjAlMjIlMjBzdHlsZSUzRCUyMmJvcmRlciUzQTAlM0IlMjIlMjBhbGxvd2Z1bGxzY3JlZW4lM0QlMjIlMjIlM0UlM0MlMkZpZnJhbWUlM0U=\u00bb][\/vc_column_inner][vc_column_inner width=\u00bb1\/2&#8243;]<div class=\"title title--underline title--decoration-bottom-left\">\n\t\t<h3 class=\"title__primary\">Lo que hacemos<\/h3>\n<\/div>\n[vc_column_text]Con Green Bike Tour Medellin obtendr\u00e1s todo lo que necesitas para vivir y sentirte Medell\u00edn como un local. Te llevar\u00e1n por los barrios m\u00e1s autenticos con jardines secretos a los que no ir\u00edas por tus propia cuenta. Plazas hist\u00f3ricas rodeadas de comercio local, la vida en El centro de la ciudad y el mirador m\u00e1s espectacular de 360 \u200b\u200bgrados de Medell\u00edn.<br \/>\nAprender\u00e1 datos de inter\u00e9s sobre Medell\u00edn a medida que bombee esas endorfinas en bicicleta por esta hermosa ciudad. Y, por supuesto, tenga su c\u00e1mara lista ya que tendr\u00e1 la oportunidad de tomar fotos incre\u00edbles en el camino.[\/vc_column_text][\/vc_column_inner][\/vc_row_inner][\/vc_column][\/vc_row][vc_row css=\u00bb.vc_custom_1575037295907{margin-right: -20% !important;margin-left: -20% !important;padding-top: 120px !important;padding-right: 25% !important;padding-bottom: 120px !important;padding-left: 25% !important;background-image: url(https:\/\/greenbiketourmedellin.com\/wp-content\/uploads\/2019\/11\/banner-social.jpg?id=1271) !important;}\u00bb][vc_column][vc_row_inner][vc_column_inner width=\u00bb1\/4&#8243;][vc_icon icon_fontawesome=\u00bbfa fa-instagram\u00bb color=\u00bbwhite\u00bb size=\u00bblg\u00bb align=\u00bbcenter\u00bb][vc_column_text]<\/p>\n<h3 style=\"text-align: center;\"><span style=\"color: #ffffff;\">Instagram<\/span><\/h3>\n<p>[\/vc_column_text][\/vc_column_inner][vc_column_inner width=\u00bb1\/4&#8243;][vc_icon icon_fontawesome=\u00bbfa fa-facebook\u00bb color=\u00bbwhite\u00bb size=\u00bblg\u00bb align=\u00bbcenter\u00bb][vc_column_text]<\/p>\n<h3 style=\"text-align: center;\"><span style=\"color: #ffffff;\">Facebook<\/span><\/h3>\n<p>[\/vc_column_text][\/vc_column_inner][vc_column_inner width=\u00bb1\/4&#8243;][vc_icon icon_fontawesome=\u00bbfa fa-tripadvisor\u00bb color=\u00bbwhite\u00bb align=\u00bbcenter\u00bb][vc_column_text]<\/p>\n<h3 style=\"text-align: center;\"><span style=\"color: #ffffff;\">Tripadvisor<\/span><\/h3>\n<p>[\/vc_column_text][\/vc_column_inner][vc_column_inner width=\u00bb1\/4&#8243;][vc_icon icon_fontawesome=\u00bbfa fa-whatsapp\u00bb color=\u00bbwhite\u00bb size=\u00bblg\u00bb align=\u00bbcenter\u00bb][vc_column_text]<\/p>\n<h3 style=\"text-align: center;\"><span style=\"color: #ffffff;\">Whatsapp<\/span><\/h3>\n<p>[\/vc_column_text][\/vc_column_inner][\/vc_row_inner][\/vc_column][\/vc_row][vc_row css=\u00bb.vc_custom_1575039637680{margin-bottom: 150px !important;}\u00bb][vc_column][vc_row_inner][vc_column_inner el_class=\u00bbcontent__oficina\u00bb width=\u00bb1\/2&#8243;]<div class=\"title title--center title--underline title--decoration-bottom-center\">\n\t\t<h3 class=\"title__primary\">OFICINAS<\/h3>\n<\/div>\n[vc_single_image image=\u00bb1795&#8243; img_size=\u00bbfull\u00bb alignment=\u00bbcenter\u00bb el_class=\u00bbcontent__oficina&#8211;img\u00bb][vc_column_text css=\u00bb.vc_custom_1581606776387{background-color: #ffffff !important;}\u00bb el_class=\u00bbcontent__oficina&#8211;text\u00bb]<\/p>\n<h3 style=\"text-align: center;\"><strong>Medell\u00edn &#8211; Colombia<\/strong><\/h3>\n<p>[\/vc_column_text][\/vc_column_inner][vc_column_inner el_class=\u00bbcontent__equipo\u00bb width=\u00bb1\/2&#8243;]<div class=\"title title--center title--underline title--decoration-bottom-center\">\n\t\t<h3 class=\"title__primary\">NUESTRO EQUIPO<\/h3>\n<\/div>\n[vc_wp_text]<div id=\"awsm-team-1438\" class=\"awsm-grid-wrapper\">\n\t\t\t<div class=\"awsm-grid list-style style-1 grid-2-col \">\n\t\t\t\t\t\t<div id=\"awsm-member-1438-1437\" class=\"awsm-grid-card\">\n\t\t\t\t   <figure>\n\t\t\t\t\t\t <img loading=\"lazy\" decoding=\"async\" width=\"128\" height=\"128\" src=\"https:\/\/greenbiketourmedellin.com\/wp-content\/uploads\/2019\/12\/usuario.png\" class=\"attachment-awsm_team size-awsm_team wp-post-image\" alt=\"\" \/>\t\t\t\t\t\t <figcaption>\n\t\t\t\t\t\t\t<div class=\"awsm-personal-info\">\n\t\t\t\t\t\t\t   <h3>Carlos<\/h3>\n\t\t\t\t\t\t\t   <span>SEO<\/span>\t\t\t\t\t\t\t<\/div> <!-- .awsm-personal-info -->\n\t\t\t\t\t\t\t<div class=\"awsm-contact-info\">\n\t\t\t\t\t\t\t\t<p>Lorem ipsum dolor sit amet, consectetur adipiscing elit. Suspendisse lobortis varius sem quis aliquet. Aliquam vel mauris interdum, fermentu<\/p>\n\t\t\t\t\t\t\t<\/div> <!-- .awsm-contact-info -->\n\t\t\t\t\t\t <\/figcaption>\n\t\t\t\t\t  <!--  -->\n\t\t\t\t   <\/figure>\n\t\t\t\t<\/div>\n\t\t\t\t\t\t\t<div id=\"awsm-member-1438-1436\" class=\"awsm-grid-card\">\n\t\t\t\t   <figure>\n\t\t\t\t\t\t <img loading=\"lazy\" decoding=\"async\" width=\"464\" height=\"464\" src=\"https:\/\/greenbiketourmedellin.com\/wp-content\/uploads\/2019\/12\/Layer-101.jpg\" class=\"attachment-awsm_team size-awsm_team wp-post-image\" alt=\"\" srcset=\"https:\/\/greenbiketourmedellin.com\/wp-content\/uploads\/2019\/12\/Layer-101.jpg 464w, https:\/\/greenbiketourmedellin.com\/wp-content\/uploads\/2019\/12\/Layer-101-300x300.jpg 300w, https:\/\/greenbiketourmedellin.com\/wp-content\/uploads\/2019\/12\/Layer-101-150x150.jpg 150w\" sizes=\"auto, (max-width: 464px) 100vw, 464px\" \/>\t\t\t\t\t\t <figcaption>\n\t\t\t\t\t\t\t<div class=\"awsm-personal-info\">\n\t\t\t\t\t\t\t   <h3>Marcos<\/h3>\n\t\t\t\t\t\t\t   <span>SEO<\/span>\t\t\t\t\t\t\t<\/div> <!-- .awsm-personal-info -->\n\t\t\t\t\t\t\t<div class=\"awsm-contact-info\">\n\t\t\t\t\t\t\t\t<p>Lorem ipsum dolor sit amet, consectetur adipiscing elit. Suspendisse lobortis varius sem quis aliquet. Aliquam vel mauris interdum, fermentu<\/p>\n\t\t\t\t\t\t\t<\/div> <!-- .awsm-contact-info -->\n\t\t\t\t\t\t <\/figcaption>\n\t\t\t\t\t  <!--  -->\n\t\t\t\t   <\/figure>\n\t\t\t\t<\/div>\n\t\t\t\t\t<\/div><!-- .grid -->\n\t\t<\/div>\n[\/vc_wp_text][\/vc_column_inner][\/vc_row_inner][\/vc_column][\/vc_row][vc_row][vc_column]<div class=\"form-subscribe parallax-section stick-to-bottom form-subscribe--full-width\">\n\t<div class=\"parallax-image\" style=\"background-image:url(https:\/\/greenbiketourmedellin.com\/wp-content\/uploads\/2019\/11\/newsletter-bg.jpg); background-repeat:repeat;\"><\/div>\n\t<div class=\"form-subscribe__shadow\"><\/div>\n<div class=\"form-subscribe__title\">Suscr\u00edbete \/ newsletter<\/div><div class=\"form-subscribe__description\">Descuentos y ofertas exclusivas<\/div><div id=\"adventure-tours-mainchimp-form-1\" class=\"form-subscribe__form-wrap\">\n\t<section id=\"yikes-mailchimp-container-1\" class=\"yikes-mailchimp-container yikes-mailchimp-container-1 \">\n\t\t\t\t<form id=\"subscribete-1\" class=\"yikes-easy-mc-form yikes-easy-mc-form-1  \" method=\"POST\" data-attr-form-id=\"1\">\n\n\t\t\t\t\t\t\t\t\t\t\t\t\t<label for=\"yikes-easy-mc-form-1-EMAIL\"  class=\"EMAIL-label yikes-mailchimp-field-required \">\n\n\t\t\t\t\t\t\t\t\t\t<!-- dictate label visibility -->\n\t\t\t\t\t\t\t\t\t\t\t\t\t\t\t\t\t\t\t\t\t<span class=\"EMAIL-label\">\n\t\t\t\t\t\t\t\t\t\t\t\tEmail Address\t\t\t\t\t\t\t\t\t\t\t<\/span>\n\t\t\t\t\t\t\t\t\t\t\n\t\t\t\t\t\t\t\t\t\t<!-- Description Above -->\n\t\t\t\t\t\t\t\t\t\t\n\t\t\t\t\t\t\t\t\t\t<input id=\"yikes-easy-mc-form-1-EMAIL\"  name=\"EMAIL\"  placeholder=\"\"  class=\"yikes-easy-mc-email \"  required=\"required\" type=\"email\"  value=\"\"\/>\n\n\t\t\t\t\t\t\t\t\t\t<!-- Description Below -->\n\t\t\t\t\t\t\t\t\t\t\n\t\t\t\t\t\t\t\t\t<\/label>\n\t\t\t\t\t\t\t\t\t\n\t\t\t\t<!-- Honeypot Trap -->\n\t\t\t\t<input type=\"hidden\" name=\"yikes-mailchimp-honeypot\" id=\"yikes-mailchimp-honeypot-1\" value=\"\"\/>\n\n\t\t\t\t<!-- List ID -->\n\t\t\t\t<input type=\"hidden\" name=\"yikes-mailchimp-associated-list-id\" id=\"yikes-mailchimp-associated-list-id-1\" value=\"2cdd08b668\"\/>\n\n\t\t\t\t<!-- The form that is being submitted! Used to display error\/success messages above the correct form -->\n\t\t\t\t<input type=\"hidden\" name=\"yikes-mailchimp-submitted-form\" id=\"yikes-mailchimp-submitted-form-1\" value=\"1\"\/>\n\n\t\t\t\t<!-- Submit Button -->\n\t\t\t\t<button type=\"submit\" class=\"yikes-easy-mc-submit-button yikes-easy-mc-submit-button-1 btn btn-primary \"> <span class=\"yikes-mailchimp-submit-button-span-text\">Suscribete<\/span><\/button>\t\t\t\t<!-- Nonce Security Check -->\n\t\t\t\t<input type=\"hidden\" id=\"yikes_easy_mc_new_subscriber_1\" name=\"yikes_easy_mc_new_subscriber\" value=\"e4584ca3d7\"\/>\n\t\t\t\t<input type=\"hidden\" name=\"_wp_http_referer\" value=\"\/es\/wp-json\/wp\/v2\/pages\/1303\" \/>\t\t\t\t\n\t\t\t<\/form>\n\t\t\t<!-- Mailchimp Form generated by Easy Forms for Mailchimp v6.8.6 (https:\/\/wordpress.org\/plugins\/yikes-inc-easy-mailchimp-extender\/) -->\n\n\t\t\t<\/section>\n\t<\/div><\/div>\n[\/vc_column][\/vc_row]<\/p>\n","protected":false},"excerpt":{"rendered":"<p>[vc_row][vc_column][vc_row_inner][vc_column_inner][vc_column_text] Historia de viajes y experiencia [\/vc_column_text][\/vc_column_inner][\/vc_row_inner][vc_row_inner][vc_column_inner width=\u00bb1\/2&#8243;][vc_gmaps link=\u00bb#E-8_JTNDaWZyYW1lJTIwc3JjJTNEJTIyaHR0cHMlM0ElMkYlMkZ3d3cuZ29vZ2xlLmNvbSUyRm1hcHMlMkZlbWJlZCUzRnBiJTNEJTIxMW0xOCUyMTFtMTIlMjExbTMlMjExZDM5NjUuOTQ4NzIzOTY5NTI4NiUyMTJkLTc1LjU2NTc1MzI4NTIzMDY2JTIxM2Q2LjI3MDQ3Mzg5NTQ2MTQ0JTIxMm0zJTIxMWYwJTIxMmYwJTIxM2YwJTIxM20yJTIxMWkxMDI0JTIxMmk3NjglMjE0ZjEzLjElMjEzbTMlMjExbTIlMjExczB4OGU0NDI4ZTc4OWQ1MGI1MyUyNTNBMHhmZjg2OGQ4YzYyZmQ3ZDQ4JTIxMnNDbC4lMjUyMDczJTI1MjAlMjUyMzUxZC0xNCUyNTJDJTI1MjBNZWRlbGwlMjVDMyUyNUFEbiUyNTJDJTI1MjBBbnRpb3F1aWElMjE1ZTAlMjEzbTIlMjExc2VzJTIxMnNjbyUyMTR2MTU3NTAzNjY5NDUxMCUyMTVtMiUyMTFzZXMlMjEyc2NvJTIyJTIwd2lkdGglM0QlMjI2MDAlMjIlMjBoZWlnaHQlM0QlMjI0NTAlMjIlMjBmcmFtZWJvcmRlciUzRCUyMjAlMjIlMjBzdHlsZSUzRCUyMmJvcmRlciUzQTAlM0IlMjIlMjBhbGxvd2Z1bGxzY3JlZW4lM0QlMjIlMjIlM0UlM0MlMkZpZnJhbWUlM0U=\u00bb][\/vc_column_inner][vc_column_inner width=\u00bb1\/2&#8243;][vc_column_text]Con Green Bike Tour Medellin obtendr\u00e1s todo lo que necesitas para vivir y sentirte Medell\u00edn como un local. Te llevar\u00e1n por los barrios m\u00e1s autenticos con jardines secretos a los que no ir\u00edas por tus propia cuenta. Plazas hist\u00f3ricas rodeadas de comercio local, la vida en<\/p>\n<div class=\"padding-top text-center\"><a href=\"https:\/\/greenbiketourmedellin.com\/es\/awsm_team_member\/marcos\/\" class=\"atbtn atbtn--medium atbtn--rounded atbtn--transparent\">Leer m\u00e1s&#8230;<i class=\"atbtn__icon atbtn__icon--right fa fa-long-arrow-right\"><\/i><\/a><\/div>\n","protected":false},"author":1,"featured_media":0,"parent":0,"menu_order":0,"comment_status":"closed","ping_status":"closed","template":"","meta":{"footnotes":""},"class_list":["post-1303","page","type-page","status-publish","hentry"],"translation":{"provider":"WPGlobus","version":"3.0.0","language":"es","enabled_languages":["en","es"],"languages":{"en":{"title":true,"content":true,"excerpt":false},"es":{"title":true,"content":true,"excerpt":false}}},"_links":{"self":[{"href":"https:\/\/greenbiketourmedellin.com\/es\/wp-json\/wp\/v2\/pages\/1303","targetHints":{"allow":["GET"]}}],"collection":[{"href":"https:\/\/greenbiketourmedellin.com\/es\/wp-json\/wp\/v2\/pages"}],"about":[{"href":"https:\/\/greenbiketourmedellin.com\/es\/wp-json\/wp\/v2\/types\/page"}],"author":[{"embeddable":true,"href":"https:\/\/greenbiketourmedellin.com\/es\/wp-json\/wp\/v2\/users\/1"}],"replies":[{"embeddable":true,"href":"https:\/\/greenbiketourmedellin.com\/es\/wp-json\/wp\/v2\/comments?post=1303"}],"version-history":[{"count":44,"href":"https:\/\/greenbiketourmedellin.com\/es\/wp-json\/wp\/v2\/pages\/1303\/revisions"}],"predecessor-version":[{"id":2318,"href":"https:\/\/greenbiketourmedellin.com\/es\/wp-json\/wp\/v2\/pages\/1303\/revisions\/2318"}],"wp:attachment":[{"href":"https:\/\/greenbiketourmedellin.com\/es\/wp-json\/wp\/v2\/media?parent=1303"}],"curies":[{"name":"wp","href":"https:\/\/api.w.org\/{rel}","templated":true}]}}